{"id":240367,"date":"2021-01-07T03:18:54","date_gmt":"2021-01-07T02:18:54","guid":{"rendered":"http:\/\/www.hano.ba\/quality-policy\/"},"modified":"2021-01-30T01:53:21","modified_gmt":"2021-01-30T00:53:21","slug":"qualitaetsrichtlinie","status":"publish","type":"page","link":"https:\/\/hano.mistergeko.com\/de\/qualitaetsrichtlinie\/","title":{"rendered":"Qualit\u00e4tsrichtlinie"},"content":{"rendered":"<style>#kt-layout-id_cf65df-a2 > .kt-row-column-wrap{align-content:start;}:where(#kt-layout-id_cf65df-a2 > .kt-row-column-wrap) > .wp-block-kadence-column{justify-content:start;}#kt-layout-id_cf65df-a2 > .kt-row-column-wrap{column-gap:var(--global-kb-gap-md, 2rem);row-gap:var(--global-kb-gap-md, 2rem);max-width:var( --global-content-width, 1200px );padding-left:var(--global-content-edge-padding);padding-right:var(--global-content-edge-padding);padding-top:var( --global-kb-row-default-top, 25px );padding-bottom:var( --global-kb-row-default-bottom, 25px );padding-top:120px;padding-bottom:120px;grid-template-columns:minmax(0, 1fr);}#kt-layout-id_cf65df-a2 > .kt-row-layout-overlay{opacity:0.30;}@media all and (max-width: 1024px){#kt-layout-id_cf65df-a2 > .kt-row-column-wrap{padding-top:120px;grid-template-columns:minmax(0, 1fr);}}@media all and (max-width: 767px){#kt-layout-id_cf65df-a2 > .kt-row-column-wrap{padding-top:75px;padding-bottom:55px;grid-template-columns:minmax(0, 1fr);}}<\/style>\n<div class=\"wp-block-kadence-rowlayout alignnone\"><div id=\"kt-layout-id_cf65df-a2\" class=\"kt-row-layout-inner kt-layout-id_cf65df-a2\"><div class=\"kt-row-column-wrap kt-has-1-columns kt-gutter-default kt-v-gutter-default kt-row-valign-top kt-row-layout-equal kt-tab-layout-inherit kt-m-colapse-left-to-right kt-mobile-layout-row kb-theme-content-width\"><style>.kadence-column_f677d9-3c > .kt-inside-inner-col{border-top-width:0px;border-right-width:0px;border-bottom-width:0px;border-left-width:0px;}.kadence-column_f677d9-3c > .kt-inside-inner-col,.kadence-column_f677d9-3c > .kt-inside-inner-col:before{border-top-left-radius:0px;border-top-right-radius:0px;border-bottom-right-radius:0px;border-bottom-left-radius:0px;}.kadence-column_f677d9-3c > .kt-inside-inner-col{column-gap:var(--global-kb-gap-sm, 1rem);}.kadence-column_f677d9-3c > .kt-inside-inner-col{flex-direction:column;}.kadence-column_f677d9-3c > .kt-inside-inner-col > .aligncenter{width:100%;}.kadence-column_f677d9-3c > .kt-inside-inner-col:before{opacity:0.3;}.kadence-column_f677d9-3c{position:relative;}@media all and (max-width: 1024px){.kadence-column_f677d9-3c > .kt-inside-inner-col{flex-direction:column;}}@media all and (max-width: 767px){.kadence-column_f677d9-3c > .kt-inside-inner-col{flex-direction:column;}}<\/style>\n<div class=\"wp-block-kadence-column inner-column-1 kadence-column_f677d9-3c\"><div class=\"kt-inside-inner-col\">\n<p>Wie das Unternehmen HANO d.o.o. arbeitet, zeigt st\u00e4ndige Kommunikation und Zusammenarbeit mit Kunden.<\/p>\n\n\n\n<p>Es gibt zahlreiche Arten dieser Zusammenarbeit, die viele Aktivit\u00e4ten umfassen, von der Ermittlung und \u00dcberwachung der Kundenbed\u00fcrfnisse \u00fcber die \u00dcbernahme von Verpflichtungen zu deren Erf\u00fcllung, die Qualit\u00e4tskontrolle bis hin zur \u00dcbernahme von Produkten (Einrichtungen) und der Erbringung von Dienstleistungen f\u00fcr den Kunden und nach dem formellen Abschluss des Arbeit.<\/p>\n\n\n\n<p>Die vollst\u00e4ndige Erf\u00fcllung der Anforderungen und Bed\u00fcrfnisse der Benutzer von Produkten von HANO d.o.o. ist das grundlegende Ziel der Qualit\u00e4tspolitik.<\/p>\n\n\n\n<p>Um Kunden und Benutzer unserer Produkte von der F\u00e4higkeit des Unternehmens zu \u00fcberzeugen, ihre Erwartungen vollst\u00e4ndig zu erf\u00fcllen, ergreifen der Direktor und alle HANO-Mitarbeiter alle erforderlichen Ma\u00dfnahmen, um sicherzustellen, dass die gelieferten Produkte die festgelegten Anforderungen, Bed\u00fcrfnisse oder Erwartungen des Unternehmens vollst\u00e4ndig erf\u00fcllen Kunden sowie alle Qualit\u00e4tsanforderungen, die in bestimmten nationalen oder internationalen Referenzstandards enthalten sind.<\/p>\n\n\n\n<p>Gleichzeitig wurde eine enge gesch\u00e4ftliche Zusammenarbeit mit unseren Lieferanten aufgebaut, die auf einer professionellen Beziehung und zum gegenseitigen Nutzen und zur Zufriedenheit beruht.<\/p>\n\n\n\n<p>Daher sind das verf\u00fcgbare Wissen, die Qualifikationen und die Erfahrung des gesamten Personals sowie die verf\u00fcgbaren materiellen Ressourcen auf den Aufbau, die Wartung und die kontinuierliche Verbesserung der Wirksamkeit des Qualit\u00e4tsmanagementsystems gerichtet. So stellen wir die Kontrolle und Integration einzelner Gesch\u00e4ftsprozesse in einen Gesamtprozess HANO d.o.o. sicher<\/p>\n\n\n\n<p>Wir sind davon \u00fcberzeugt, dass andere Ziele auf folgende Weise erreicht werden k\u00f6nnen:<\/p>\n\n\n\n<ul class=\"wp-block-list\"><li>Steigerung des Produktionsvolumens jedes Jahr im Vergleich zum Vorjahr<\/li><li>Steigerung des Gewinns durch Senkung der Betriebskosten<\/li><li>Steigerung der Arbeitsmotivation und des Lebensstandards der Mitarbeiter<\/li><li>Aufbau und Aufrechterhaltung langfristiger, f\u00fcr beide Seiten vorteilhafter Beziehungen zu Lieferanten von Waren und Dienstleistungen f\u00fcr die Bed\u00fcrfnisse von HANO<\/li><\/ul>\n\n\n\n<p>Der Direktor und alle Mitarbeiter von HANO sind fest entschlossen und verpflichtet, die in dieser Qualit\u00e4tsrichtlinie und anderen Dokumenten des Qualit\u00e4tsmanagementsystems beschriebenen Aktivit\u00e4ten strikt umzusetzen.<\/p>\n<\/div><\/div>\n<\/div><\/div><\/div>\n","protected":false},"excerpt":{"rendered":"<p>Wie das Unternehmen HANO d.o.o. arbeitet, zeigt st\u00e4ndige Kommunikation und Zusammenarbeit mit Kunden. Es gibt zahlreiche Arten dieser Zusammenarbeit, die viele Aktivit\u00e4ten umfassen, von der Ermittlung und \u00dcberwachung der Kundenbed\u00fcrfnisse \u00fcber die \u00dcbernahme von Verpflichtungen zu deren Erf\u00fcllung, die Qualit\u00e4tskontrolle bis hin zur \u00dcbernahme von Produkten (Einrichtungen) und der Erbringung von Dienstleistungen f\u00fcr den Kunden&#8230;<\/p>\n","protected":false},"author":4,"featured_media":238326,"parent":0,"menu_order":0,"comment_status":"closed","ping_status":"closed","template":"","meta":{"_acf_changed":false,"_kad_blocks_custom_css":"","_kad_blocks_head_custom_js":"","_kad_blocks_body_custom_js":"","_kad_blocks_footer_custom_js":"","_kad_post_transparent":"","_kad_post_title":"","_kad_post_layout":"","_kad_post_sidebar_id":"","_kad_post_content_style":"","_kad_post_vertical_padding":"","_kad_post_feature":"","_kad_post_feature_position":"","_kad_post_header":false,"_kad_post_footer":false,"footnotes":""},"class_list":["post-240367","page","type-page","status-publish","has-post-thumbnail","hentry"],"acf":[],"taxonomy_info":[],"featured_image_src_large":["https:\/\/hano.mistergeko.com\/wp-content\/uploads\/2021\/01\/hano_drawing_bg4-1024x353.jpg",1024,353,true],"author_info":{"display_name":"azur.avdic","author_link":"https:\/\/hano.mistergeko.com\/de\/author\/azur-avdic\/"},"comment_info":0,"meta_box":[],"_links":{"self":[{"href":"https:\/\/hano.mistergeko.com\/de\/wp-json\/wp\/v2\/pages\/240367","targetHints":{"allow":["GET"]}}],"collection":[{"href":"https:\/\/hano.mistergeko.com\/de\/wp-json\/wp\/v2\/pages"}],"about":[{"href":"https:\/\/hano.mistergeko.com\/de\/wp-json\/wp\/v2\/types\/page"}],"author":[{"embeddable":true,"href":"https:\/\/hano.mistergeko.com\/de\/wp-json\/wp\/v2\/users\/4"}],"replies":[{"embeddable":true,"href":"https:\/\/hano.mistergeko.com\/de\/wp-json\/wp\/v2\/comments?post=240367"}],"version-history":[{"count":0,"href":"https:\/\/hano.mistergeko.com\/de\/wp-json\/wp\/v2\/pages\/240367\/revisions"}],"wp:featuredmedia":[{"embeddable":true,"href":"https:\/\/hano.mistergeko.com\/de\/wp-json\/wp\/v2\/media\/238326"}],"wp:attachment":[{"href":"https:\/\/hano.mistergeko.com\/de\/wp-json\/wp\/v2\/media?parent=240367"}],"curies":[{"name":"wp","href":"https:\/\/api.w.org\/{rel}","templated":true}]}}