{"id":240364,"date":"2021-01-07T03:43:29","date_gmt":"2021-01-07T02:43:29","guid":{"rendered":"http:\/\/www.hano.ba\/career\/"},"modified":"2021-01-30T01:42:54","modified_gmt":"2021-01-30T00:42:54","slug":"werdegang","status":"publish","type":"page","link":"https:\/\/hano.mistergeko.com\/de\/werdegang\/","title":{"rendered":"Werdegang"},"content":{"rendered":"<style>#kt-layout-id_d0c394-0b > .kt-row-column-wrap{align-content:start;}:where(#kt-layout-id_d0c394-0b > .kt-row-column-wrap) > .wp-block-kadence-column{justify-content:start;}#kt-layout-id_d0c394-0b > .kt-row-column-wrap{column-gap:80px;row-gap:var(--global-kb-gap-md, 2rem);max-width:var( --global-content-width, 1200px );padding-left:var(--global-content-edge-padding);padding-right:var(--global-content-edge-padding);padding-top:var( --global-kb-row-default-top, 25px );padding-bottom:var( --global-kb-row-default-bottom, 25px );padding-top:120px;padding-bottom:120px;grid-template-columns:minmax(0, calc(40% - ((80px * 1 )\/2)))minmax(0, calc(60% - ((80px * 1 )\/2)));}#kt-layout-id_d0c394-0b > .kt-row-layout-overlay{opacity:0.30;}@media all and (max-width: 1024px){#kt-layout-id_d0c394-0b > .kt-row-column-wrap{grid-template-columns:minmax(0, 1fr);}}@media all and (max-width: 767px){#kt-layout-id_d0c394-0b > .kt-row-column-wrap{padding-top:75px;padding-bottom:75px;grid-template-columns:minmax(0, 1fr);}}<\/style>\n<div class=\"wp-block-kadence-rowlayout alignnone\"><div id=\"kt-layout-id_d0c394-0b\" class=\"kt-row-layout-inner kt-layout-id_d0c394-0b\"><div class=\"kt-row-column-wrap kt-has-2-columns kt-gutter-widest kt-v-gutter-default kt-row-valign-top kt-row-layout-equal kt-tab-layout-row kt-m-colapse-left-to-right kt-mobile-layout-row  kt-custom-first-width-40  kt-custom-second-width-60 kb-theme-content-width\"><style>.kadence-column_603a74-2f > .kt-inside-inner-col{border-top-width:0px;border-right-width:0px;border-bottom-width:0px;border-left-width:0px;}.kadence-column_603a74-2f > .kt-inside-inner-col,.kadence-column_603a74-2f > .kt-inside-inner-col:before{border-top-left-radius:0px;border-top-right-radius:0px;border-bottom-right-radius:0px;border-bottom-left-radius:0px;}.kadence-column_603a74-2f > .kt-inside-inner-col{column-gap:var(--global-kb-gap-sm, 1rem);}.kadence-column_603a74-2f > .kt-inside-inner-col{flex-direction:column;}.kadence-column_603a74-2f > .kt-inside-inner-col > .aligncenter{width:100%;}.kadence-column_603a74-2f > .kt-inside-inner-col:before{opacity:0.3;}.kadence-column_603a74-2f{position:relative;}@media all and (max-width: 1024px){.kadence-column_603a74-2f > .kt-inside-inner-col{flex-direction:column;}}@media all and (max-width: 767px){.kadence-column_603a74-2f > .kt-inside-inner-col{flex-direction:column;}}<\/style>\n<div class=\"wp-block-kadence-column inner-column-1 kadence-column_603a74-2f\"><div class=\"kt-inside-inner-col\">\n<h1 class=\"wp-block-heading\">Auf der Suche nach einem Job?<\/h1>\n\n\n\n<p>HANO ist ein Unternehmen mit st\u00e4ndiger Wachstumstendenz. Vor diesem Hintergrund h\u00e4lt HANO die Rekrutierungsprozesse f\u00fcr neue Mitarbeiter offen, um angemessen auf den Bedarf an qualifiziertem Personal in verschiedenen Bereichen reagieren zu k\u00f6nnen.<\/p>\n\n\n\n<p>Wenn Sie nach einer Organisation suchen, die sich durch starke F\u00fchrung, Integrit\u00e4t, Teamwork und Kommunikation auszeichnet, ist HANO Ihre Wahl.<\/p>\n\n\n\n<p>Wenn Sie Teil unseres Teams sein m\u00f6chten, senden Sie uns Ihren Lebenslauf an:\u00a0<a href=\"mailto:info@hano-bih.com\">info@hano-bih.com<\/a><\/p>\n<\/div><\/div>\n\n\n<style>.kadence-column_9dd5a1-67 > .kt-inside-inner-col{border-top-width:0px;border-right-width:0px;border-bottom-width:0px;border-left-width:0px;}.kadence-column_9dd5a1-67 > .kt-inside-inner-col,.kadence-column_9dd5a1-67 > .kt-inside-inner-col:before{border-top-left-radius:0px;border-top-right-radius:0px;border-bottom-right-radius:0px;border-bottom-left-radius:0px;}.kadence-column_9dd5a1-67 > .kt-inside-inner-col{column-gap:var(--global-kb-gap-sm, 1rem);}.kadence-column_9dd5a1-67 > .kt-inside-inner-col{flex-direction:column;}.kadence-column_9dd5a1-67 > .kt-inside-inner-col > .aligncenter{width:100%;}.kadence-column_9dd5a1-67 > .kt-inside-inner-col:before{opacity:0.3;}.kadence-column_9dd5a1-67{position:relative;}@media all and (max-width: 1024px){.kadence-column_9dd5a1-67 > .kt-inside-inner-col{flex-direction:column;}}@media all and (max-width: 767px){.kadence-column_9dd5a1-67 > .kt-inside-inner-col{flex-direction:column;}}<\/style>\n<div class=\"wp-block-kadence-column inner-column-2 kadence-column_9dd5a1-67\"><div class=\"kt-inside-inner-col\">\n<figure class=\"wp-block-image size-large\"><img loading=\"lazy\" decoding=\"async\" width=\"1024\" height=\"683\" src=\"https:\/\/hano.mistergeko.com\/wp-content\/uploads\/2020\/11\/RG-HANO-01-1024x683.jpg?v=1609290877\" alt=\"\" class=\"wp-image-939\" srcset=\"https:\/\/hano.mistergeko.com\/wp-content\/uploads\/2020\/11\/RG-HANO-01-1024x683.jpg?v=1610165212 1024w, https:\/\/hano.mistergeko.com\/wp-content\/uploads\/2020\/11\/RG-HANO-01-500x333.jpg?v=1610165212 500w, https:\/\/hano.mistergeko.com\/wp-content\/uploads\/2020\/11\/RG-HANO-01-400x267.jpg?v=1610165212 400w, https:\/\/hano.mistergeko.com\/wp-content\/uploads\/2020\/11\/RG-HANO-01-768x512.jpg?v=1610165212 768w, https:\/\/hano.mistergeko.com\/wp-content\/uploads\/2020\/11\/RG-HANO-01.jpg?v=1610165212 1200w\" sizes=\"auto, (max-width: 1024px) 100vw, 1024px\" \/><\/figure>\n<\/div><\/div>\n<\/div><\/div><\/div>\n","protected":false},"excerpt":{"rendered":"<p>Auf der Suche nach einem Job? HANO ist ein Unternehmen mit st\u00e4ndiger Wachstumstendenz. Vor diesem Hintergrund h\u00e4lt HANO die Rekrutierungsprozesse f\u00fcr neue Mitarbeiter offen, um angemessen auf den Bedarf an qualifiziertem Personal in verschiedenen Bereichen reagieren zu k\u00f6nnen. Wenn Sie nach einer Organisation suchen, die sich durch starke F\u00fchrung, Integrit\u00e4t, Teamwork und Kommunikation auszeichnet, ist&#8230;<\/p>\n","protected":false},"author":4,"featured_media":238326,"parent":0,"menu_order":0,"comment_status":"closed","ping_status":"closed","template":"","meta":{"_acf_changed":false,"_kad_blocks_custom_css":"","_kad_blocks_head_custom_js":"","_kad_blocks_body_custom_js":"","_kad_blocks_footer_custom_js":"","_kad_post_transparent":"","_kad_post_title":"","_kad_post_layout":"","_kad_post_sidebar_id":"","_kad_post_content_style":"","_kad_post_vertical_padding":"","_kad_post_feature":"","_kad_post_feature_position":"","_kad_post_header":false,"_kad_post_footer":false,"footnotes":""},"class_list":["post-240364","page","type-page","status-publish","has-post-thumbnail","hentry"],"acf":[],"taxonomy_info":[],"featured_image_src_large":["https:\/\/hano.mistergeko.com\/wp-content\/uploads\/2021\/01\/hano_drawing_bg4-1024x353.jpg",1024,353,true],"author_info":{"display_name":"azur.avdic","author_link":"https:\/\/hano.mistergeko.com\/de\/author\/azur-avdic\/"},"comment_info":0,"meta_box":[],"_links":{"self":[{"href":"https:\/\/hano.mistergeko.com\/de\/wp-json\/wp\/v2\/pages\/240364","targetHints":{"allow":["GET"]}}],"collection":[{"href":"https:\/\/hano.mistergeko.com\/de\/wp-json\/wp\/v2\/pages"}],"about":[{"href":"https:\/\/hano.mistergeko.com\/de\/wp-json\/wp\/v2\/types\/page"}],"author":[{"embeddable":true,"href":"https:\/\/hano.mistergeko.com\/de\/wp-json\/wp\/v2\/users\/4"}],"replies":[{"embeddable":true,"href":"https:\/\/hano.mistergeko.com\/de\/wp-json\/wp\/v2\/comments?post=240364"}],"version-history":[{"count":0,"href":"https:\/\/hano.mistergeko.com\/de\/wp-json\/wp\/v2\/pages\/240364\/revisions"}],"wp:featuredmedia":[{"embeddable":true,"href":"https:\/\/hano.mistergeko.com\/de\/wp-json\/wp\/v2\/media\/238326"}],"wp:attachment":[{"href":"https:\/\/hano.mistergeko.com\/de\/wp-json\/wp\/v2\/media?parent=240364"}],"curies":[{"name":"wp","href":"https:\/\/api.w.org\/{rel}","templated":true}]}}