{"id":240360,"date":"2021-01-07T04:01:57","date_gmt":"2021-01-07T03:01:57","guid":{"rendered":"http:\/\/www.hano.ba\/certificates\/"},"modified":"2023-02-26T19:10:04","modified_gmt":"2023-02-26T18:10:04","slug":"zertifikate","status":"publish","type":"page","link":"https:\/\/hano.mistergeko.com\/de\/zertifikate\/","title":{"rendered":"Zertifikate"},"content":{"rendered":"<style>#kt-layout-id_74de1d-8c > .kt-row-column-wrap{align-content:start;}:where(#kt-layout-id_74de1d-8c > .kt-row-column-wrap) > .wp-block-kadence-column{justify-content:start;}#kt-layout-id_74de1d-8c > .kt-row-column-wrap{column-gap:var(--global-kb-gap-md, 2rem);row-gap:var(--global-kb-gap-md, 2rem);max-width:var( --global-content-width, 1200px );padding-left:var(--global-content-edge-padding);padding-right:var(--global-content-edge-padding);padding-top:var( --global-kb-row-default-top, 25px );padding-bottom:var( --global-kb-row-default-bottom, 25px );padding-top:120px;padding-bottom:120px;grid-template-columns:minmax(0, 1fr);}#kt-layout-id_74de1d-8c > .kt-row-layout-overlay{opacity:0.30;}@media all and (max-width: 1024px){#kt-layout-id_74de1d-8c > .kt-row-column-wrap{grid-template-columns:minmax(0, 1fr);}}@media all and (max-width: 767px){#kt-layout-id_74de1d-8c > .kt-row-column-wrap{padding-top:75px;padding-bottom:75px;grid-template-columns:minmax(0, 1fr);}}<\/style>\n<div class=\"wp-block-kadence-rowlayout alignnone\"><div id=\"kt-layout-id_74de1d-8c\" class=\"kt-row-layout-inner kt-layout-id_74de1d-8c\"><div class=\"kt-row-column-wrap kt-has-1-columns kt-gutter-default kt-v-gutter-default kt-row-valign-top kt-row-layout-equal kt-tab-layout-inherit kt-m-colapse-left-to-right kt-mobile-layout-row kb-theme-content-width\"><style>.kadence-column_c310b8-b0 > .kt-inside-inner-col{border-top-width:0px;border-right-width:0px;border-bottom-width:0px;border-left-width:0px;}.kadence-column_c310b8-b0 > .kt-inside-inner-col,.kadence-column_c310b8-b0 > .kt-inside-inner-col:before{border-top-left-radius:0px;border-top-right-radius:0px;border-bottom-right-radius:0px;border-bottom-left-radius:0px;}.kadence-column_c310b8-b0 > .kt-inside-inner-col{column-gap:var(--global-kb-gap-sm, 1rem);}.kadence-column_c310b8-b0 > .kt-inside-inner-col{flex-direction:column;}.kadence-column_c310b8-b0 > .kt-inside-inner-col > .aligncenter{width:100%;}.kadence-column_c310b8-b0 > .kt-inside-inner-col:before{opacity:0.3;}.kadence-column_c310b8-b0{position:relative;}@media all and (max-width: 1024px){.kadence-column_c310b8-b0 > .kt-inside-inner-col{flex-direction:column;}}@media all and (max-width: 767px){.kadence-column_c310b8-b0 > .kt-inside-inner-col{flex-direction:column;}}<\/style>\n<div class=\"wp-block-kadence-column inner-column-1 kadence-column_c310b8-b0\"><div class=\"kt-inside-inner-col\">\n<p>Die erfolgreiche Entwicklung von HANO wurde durch das ISO 9001:2015 Zertifikat best\u00e4tigt. Der Aufbau und die Implementierung des Systems wurden erstmals 2003 durch die Vergabe eines Zertifikats best\u00e4tigt. Die Zertifizierungsfirma SGS f\u00fchrte 2018 eine regelm\u00e4\u00dfige Rezertifizierung durch.<\/p>\n\n\n\n<p class=\"modal-trigger\"><a href=\"#download-link-popup-1\">ZERTIFIKAT ISO 9001:2015<\/a><\/p>\n\n\n<style>#kt-modal_02f4da-c9 .kt-blocks-modal-link{color:#555555;background:transparent;border-color:#555555;border-radius:4px;font-size:16px;line-height:24px;border-width:2px 2px 2px 2px;padding:4px 8px 4px 8px;margin:0px 0px 0px 0px;}#kt-modal_02f4da-c9 .kt-blocks-modal-link:hover, #kt-modal_02f4da-c9 .kt-blocks-modal-link:focus{color:#ffffff;background:#444444;border-color:#444444;}#kt-modal_02f4da-c9 .kt-modal-overlay, #kt-target-modal_02f4da-c9 .kt-modal-overlay, .kb-modal-content_02f4da-c9 .kt-modal-overlay{background:rgba(0, 0, 0, 0.6);}#kt-modal_02f4da-c9 .kt-modal-overlay, #kt-target-modal_02f4da-c9 .kt-modal-overlay, .kb-modal-content_02f4da-c9 .kt-modal-overlay{-ms-flex-pack:center;justify-content:center;-ms-flex-align:center;align-items:center;}#kt-modal_02f4da-c9 .kt-modal-container, #kt-target-modal_02f4da-c9 .kt-modal-container, .kb-modal-content_02f4da-c9 .kt-modal-container{width:100%;max-width:600px;-ms-flex-pack:flex-start;justify-content:flex-start;text-align:left;-ms-flex-align:flex-start;align-items:flex-start;}#kt-modal_02f4da-c9 .kt-modal-container, #kt-target-modal_02f4da-c9 .kt-modal-container, .kb-modal-content_02f4da-c9 .kt-modal-container{padding-top:30px;padding-right:30px;padding-bottom:30px;padding-left:30px;margin-top:20px;margin-right:20px;margin-bottom:20px;margin-left:20px;}#kt-modal_02f4da-c9 .kt-modal-container, #kt-target-modal_02f4da-c9 .kt-modal-container, .kb-modal-content_02f4da-c9 .kt-modal-container{background:#ffffff;border-top:0px solid #ffffff;border-right:0px solid #ffffff;border-bottom:0px solid #ffffff;border-left:0px solid #ffffff;}#kt-modal_02f4da-c9 .kt-modal-close svg, #kt-target-modal_02f4da-c9 .kt-modal-close svg, .kb-modal-content_02f4da-c9 .kt-modal-close svg{width:24px;height:24px;}@media all and (max-width: 1024px){#kt-modal_02f4da-c9 .kt-modal-container, #kt-target-modal_02f4da-c9 .kt-modal-container, .kb-modal-content_02f4da-c9 .kt-modal-container{width:100%;border-top:0px solid #ffffff;border-right:0px solid #ffffff;border-bottom:0px solid #ffffff;border-left:0px solid #ffffff;}}@media all and (max-width: 1024px){#kt-modal_02f4da-c9 .kt-modal-close svg, #kt-target-modal_02f4da-c9 .kt-modal-close svg, .kb-modal-content_02f4da-c9 .kt-modal-close svg{width:24px;height:24px;}}@media all and (max-width: 767px){#kt-modal_02f4da-c9 .kt-modal-container, #kt-target-modal_02f4da-c9 .kt-modal-container, .kb-modal-content_02f4da-c9 .kt-modal-container{width:100%;border-top:0px solid #ffffff;border-right:0px solid #ffffff;border-bottom:0px solid #ffffff;border-left:0px solid #ffffff;}#kt-modal_02f4da-c9 .kt-modal-close svg, #kt-target-modal_02f4da-c9 .kt-modal-close svg, .kb-modal-content_02f4da-c9 .kt-modal-close svg{width:24px;height:24px;}}<\/style>\n<div id=\"kt-modal_02f4da-c9\" class=\"wp-block-kadence-modal alignnone kt-modal-linkalign-center\"><div id=\"download-link-popup-1\" class=\"kb-modal-content_02f4da-c9 kadence-block-pro-modal kt-m-animate-in-fadeup kt-m-animate-out-fadeout\" aria-hidden=\"true\"><div class=\"kt-modal-overlay\" tabindex=\"-1\" data-modal-close=\"true\"><div class=\"kt-modal-container kt-modal-height-fittocontent kt-close-position-inside\" role=\"dialog\" aria-modal=\"true\"><button class=\"kt-modal-close\" aria-label=\"Close Modal\" data-modal-close=\"true\"><svg viewbox=\"0 0 24 24\" fill=\"none\" stroke=\"currentColor\" xmlns=\"https:\/\/www.w3.org\/2000\/svg\" stroke-width=\"2\" stroke-linecap=\"round\" stroke-linejoin=\"round\"><line x1=\"18\" y1=\"6\" x2=\"6\" y2=\"18\"><\/line><line x1=\"6\" y1=\"6\" x2=\"18\" y2=\"18\"><\/line><\/svg><\/button><div id=\"kt-modal_02f4da-c9-content\" class=\"kt-modal-content\">\n\t\t<div class=\"opd-container\">\n\t\t\t<div class=\"opd-box\">\n\t\t\t\t<div class=\"opd-form\">\n\t\t\t\t\t<div class=\"opd-form-row\"><div><div style=\"text-align: center; font-size: 22px; font-weight:700; color: #00457c; padding-bottom: 15px;\"><span>SUBSCRIBE TO DOWNLOAD<\/span><\/div><\/div>\r\n<span>Enter the required data to download the file.<\/span><\/div>\n\t\t\t\t\t<div class=\"opd-form-row\">\n\t\t\t\t\t\t\n\t\t\t\t\t\t<div class=\"opd-form-col opd-50\">\n\t\t\t\t\t\t\t<div>\n\t\t\t\t\t\t\t\t<input required=\"required\" class=\"opd-input opd-fw\" type=\"text\" name=\"name\" placeholder=\"Ime i prezime\" value=\"Ime i prezime\" onfocus=\"jQuery(this).parent().removeClass('opd-error'); if (this.value == 'Ime i prezime') {this.value = '';}\" onblur=\"if (this.value == '') {this.value = 'Ime i prezime';}\" title=\"Ime i prezime\" \/>\n\t\t\t\t\t\t\t\t<i class=\"opd-fa opd-fa-user\"><\/i>\n\t\t\t\t\t\t\t<\/div>\n\t\t\t\t\t\t<\/div>\n\t\t\t\t\t\t<div class=\"opd-form-col opd-50 opd-form-col-right\">\n\t\t\t\t\t\t\t<div>\n\t\t\t\t\t\t\t\t<input required=\"required\" class=\"opd-input opd-fw\" type=\"email\" name=\"email\" placeholder=\"Email\" value=\"Email\" onfocus=\"jQuery(this).parent().removeClass('opd-error'); if (this.value == 'Email') {this.value = '';}\" onblur=\"if (this.value == '') {this.value = 'Email';}\" title=\"Email\" \/>\n\t\t\t\t\t\t\t\t<i class=\"opd-fa opd-fa-mail-alt\"><\/i>\n\t\t\t\t\t\t\t<\/div>\n\t\t\t\t\t\t<\/div>\n\t\t\t\t\t<\/div>\n\t\t\t\t\t\n\t\t\t\t\t<div class=\"opd-form-row\">\n\t\t\t\t\t<div class=\"opd-checkbox\"><input class=\"opd-input\" type=\"checkbox\" id=\"BEmskt96\" name=\"gdpr\" value=\"off\" onclick=\"jQuery(this).parent().removeClass('opd-error');\"><label for=\"BEmskt96\"><\/label><\/div>Sla\u017eem se sa <a href=\"\/politika-privatnosti\/\">Politikom privatnosti<\/a>.\n\t\t\t\t\t<\/div>\n\t\t\t\t\t<div>\n\t\t\t\t\t\t<input type=\"hidden\" class=\"opd-redirect\" value=\"\" \/>\n\t\t\t\t\t\t<input type=\"hidden\" class=\"opd-input\" name=\"source\" value=\"media-library\" \/>\n\t\t\t\t\t\t<input type=\"hidden\" class=\"opd-input\" name=\"file\" value=\"MjQxNzQw\" \/>\n\t\t\t\t\t\t<span class=\"opd-submit\" onclick='return opd_submit(this);'><i class=\"opd-fa opd-fa-ok\"><\/i>Preuzmite fajl<\/span>\n\t\t\t\t\t<\/div>\n\t\t\t\t<\/div>\n\t\t\t\t<div class=\"opd-message\"><\/div>\n\t\t\t<\/div>\n\t\t<\/div>\n<\/div><\/div><\/div><\/div><\/div>\n\n\n\n<p>Seit 2007 vergibt HANO das CE-Zeichen f\u00fcr seine erfolgreichsten Produkte &#8211; Fenster, T\u00fcren und Fassadensysteme, wodurch die Exportaktivit\u00e4ten von HANO-Produkten in die EU-Mitgliedstaaten erm\u00f6glicht wurden.<br><br>Seit 2015 kennzeichnet und exportiert HANO seine feuerfesten Produkte nach Zertifizierung durch das schwedische technische Forschungsinstitut SP.<br><br>Seit 2015 kann HANO die CoC \/ CAP-Zertifizierung durch das britische Zertifizierungsunternehmen Intertek anbieten.<br><\/p>\n\n\n\n<p>Im Jahr 2022 erhielt HANO das Recht, das QUALICOAT-Zeichen als lizenzierter Applikator f\u00fcr die Pulverbeschichtung von Aluminium f\u00fcr die Verwendung des Qualit\u00e4tszeichens gem\u00e4\u00df der Qualicoat 2022-Spezifikation zu verwenden. Lizenznummer: 5102<\/p>\n\n\n\n<p class=\"modal-trigger\"><a href=\"#download-link-popup-2\" data-type=\"internal\">HANO QUALICOAT Zertifikat 2022 (Lizenz Nr. 5102)<\/a><\/p>\n\n\n<style>#kt-modal_60bd34-19 .kt-blocks-modal-link{color:#555555;background:transparent;border-color:#555555;border-radius:4px;font-size:16px;line-height:24px;border-width:2px 2px 2px 2px;padding:4px 8px 4px 8px;margin:0px 0px 0px 0px;}#kt-modal_60bd34-19 .kt-blocks-modal-link:hover, #kt-modal_60bd34-19 .kt-blocks-modal-link:focus{color:#ffffff;background:#444444;border-color:#444444;}#kt-modal_60bd34-19 .kt-modal-overlay, #kt-target-modal_60bd34-19 .kt-modal-overlay, .kb-modal-content_60bd34-19 .kt-modal-overlay{background:rgba(0, 0, 0, 0.6);}#kt-modal_60bd34-19 .kt-modal-overlay, #kt-target-modal_60bd34-19 .kt-modal-overlay, .kb-modal-content_60bd34-19 .kt-modal-overlay{-ms-flex-pack:center;justify-content:center;-ms-flex-align:center;align-items:center;}#kt-modal_60bd34-19 .kt-modal-container, #kt-target-modal_60bd34-19 .kt-modal-container, .kb-modal-content_60bd34-19 .kt-modal-container{width:100%;max-width:600px;-ms-flex-pack:flex-start;justify-content:flex-start;text-align:left;-ms-flex-align:flex-start;align-items:flex-start;}#kt-modal_60bd34-19 .kt-modal-container, #kt-target-modal_60bd34-19 .kt-modal-container, .kb-modal-content_60bd34-19 .kt-modal-container{padding-top:30px;padding-right:30px;padding-bottom:30px;padding-left:30px;margin-top:20px;margin-right:20px;margin-bottom:20px;margin-left:20px;}#kt-modal_60bd34-19 .kt-modal-container, #kt-target-modal_60bd34-19 .kt-modal-container, .kb-modal-content_60bd34-19 .kt-modal-container{background:#ffffff;border-top:0px solid #ffffff;border-right:0px solid #ffffff;border-bottom:0px solid #ffffff;border-left:0px solid #ffffff;}#kt-modal_60bd34-19 .kt-modal-close svg, #kt-target-modal_60bd34-19 .kt-modal-close svg, .kb-modal-content_60bd34-19 .kt-modal-close svg{width:24px;height:24px;}@media all and (max-width: 1024px){#kt-modal_60bd34-19 .kt-modal-container, #kt-target-modal_60bd34-19 .kt-modal-container, .kb-modal-content_60bd34-19 .kt-modal-container{width:100%;border-top:0px solid #ffffff;border-right:0px solid #ffffff;border-bottom:0px solid #ffffff;border-left:0px solid #ffffff;}}@media all and (max-width: 1024px){#kt-modal_60bd34-19 .kt-modal-close svg, #kt-target-modal_60bd34-19 .kt-modal-close svg, .kb-modal-content_60bd34-19 .kt-modal-close svg{width:24px;height:24px;}}@media all and (max-width: 767px){#kt-modal_60bd34-19 .kt-modal-container, #kt-target-modal_60bd34-19 .kt-modal-container, .kb-modal-content_60bd34-19 .kt-modal-container{width:100%;border-top:0px solid #ffffff;border-right:0px solid #ffffff;border-bottom:0px solid #ffffff;border-left:0px solid #ffffff;}#kt-modal_60bd34-19 .kt-modal-close svg, #kt-target-modal_60bd34-19 .kt-modal-close svg, .kb-modal-content_60bd34-19 .kt-modal-close svg{width:24px;height:24px;}}<\/style>\n<div id=\"kt-modal_60bd34-19\" class=\"wp-block-kadence-modal alignnone kt-modal-linkalign-center\"><div id=\"download-link-popup-2\" class=\"kb-modal-content_60bd34-19 kadence-block-pro-modal kt-m-animate-in-fadeup kt-m-animate-out-fadeout\" aria-hidden=\"true\"><div class=\"kt-modal-overlay\" tabindex=\"-1\" data-modal-close=\"true\"><div class=\"kt-modal-container kt-modal-height-fittocontent kt-close-position-inside\" role=\"dialog\" aria-modal=\"true\"><button class=\"kt-modal-close\" aria-label=\"Close Modal\" data-modal-close=\"true\"><svg viewbox=\"0 0 24 24\" fill=\"none\" stroke=\"currentColor\" xmlns=\"https:\/\/www.w3.org\/2000\/svg\" stroke-width=\"2\" stroke-linecap=\"round\" stroke-linejoin=\"round\"><line x1=\"18\" y1=\"6\" x2=\"6\" y2=\"18\"><\/line><line x1=\"6\" y1=\"6\" x2=\"18\" y2=\"18\"><\/line><\/svg><\/button><div id=\"kt-modal_60bd34-19-content\" class=\"kt-modal-content\">\n\t\t<div class=\"opd-container\">\n\t\t\t<div class=\"opd-box\">\n\t\t\t\t<div class=\"opd-form\">\n\t\t\t\t\t<div class=\"opd-form-row\"><div><div style=\"text-align: center; font-size: 22px; font-weight:700; color: #00457c; padding-bottom: 15px;\"><span>SUBSCRIBE TO DOWNLOAD<\/span><\/div><\/div>\r\n<span>Enter the required data to download the file.<\/span><\/div>\n\t\t\t\t\t<div class=\"opd-form-row\">\n\t\t\t\t\t\t\n\t\t\t\t\t\t<div class=\"opd-form-col opd-50\">\n\t\t\t\t\t\t\t<div>\n\t\t\t\t\t\t\t\t<input required=\"required\" class=\"opd-input opd-fw\" type=\"text\" name=\"name\" placeholder=\"Ime i prezime\" value=\"Ime i prezime\" onfocus=\"jQuery(this).parent().removeClass('opd-error'); if (this.value == 'Ime i prezime') {this.value = '';}\" onblur=\"if (this.value == '') {this.value = 'Ime i prezime';}\" title=\"Ime i prezime\" \/>\n\t\t\t\t\t\t\t\t<i class=\"opd-fa opd-fa-user\"><\/i>\n\t\t\t\t\t\t\t<\/div>\n\t\t\t\t\t\t<\/div>\n\t\t\t\t\t\t<div class=\"opd-form-col opd-50 opd-form-col-right\">\n\t\t\t\t\t\t\t<div>\n\t\t\t\t\t\t\t\t<input required=\"required\" class=\"opd-input opd-fw\" type=\"email\" name=\"email\" placeholder=\"Email\" value=\"Email\" onfocus=\"jQuery(this).parent().removeClass('opd-error'); if (this.value == 'Email') {this.value = '';}\" onblur=\"if (this.value == '') {this.value = 'Email';}\" title=\"Email\" \/>\n\t\t\t\t\t\t\t\t<i class=\"opd-fa opd-fa-mail-alt\"><\/i>\n\t\t\t\t\t\t\t<\/div>\n\t\t\t\t\t\t<\/div>\n\t\t\t\t\t<\/div>\n\t\t\t\t\t\n\t\t\t\t\t<div class=\"opd-form-row\">\n\t\t\t\t\t<div class=\"opd-checkbox\"><input class=\"opd-input\" type=\"checkbox\" id=\"uHU54jhq\" name=\"gdpr\" value=\"off\" onclick=\"jQuery(this).parent().removeClass('opd-error');\"><label for=\"uHU54jhq\"><\/label><\/div>Sla\u017eem se sa <a href=\"\/politika-privatnosti\/\">Politikom privatnosti<\/a>.\n\t\t\t\t\t<\/div>\n\t\t\t\t\t<div>\n\t\t\t\t\t\t<input type=\"hidden\" class=\"opd-redirect\" value=\"\" \/>\n\t\t\t\t\t\t<input type=\"hidden\" class=\"opd-input\" name=\"source\" value=\"media-library\" \/>\n\t\t\t\t\t\t<input type=\"hidden\" class=\"opd-input\" name=\"file\" value=\"MjQxNTE2\" \/>\n\t\t\t\t\t\t<span class=\"opd-submit\" onclick='return opd_submit(this);'><i class=\"opd-fa opd-fa-ok\"><\/i>Preuzmite fajl<\/span>\n\t\t\t\t\t<\/div>\n\t\t\t\t<\/div>\n\t\t\t\t<div class=\"opd-message\"><\/div>\n\t\t\t<\/div>\n\t\t<\/div>\n<\/div><\/div><\/div><\/div><\/div>\n\n\n\n<p>Heute nutzt HANO sein eigenes Qualit\u00e4tsmanagementsystem, um seine Dienstleistungen sowie seine Endprodukte allgemein zu verbessern und die Einhaltung seiner Mission und Vision sicherzustellen. Es besteht kein Zweifel, dass eine solche Entwicklung des Unternehmens, die sich unter anderem in der Zertifizierung und der kontinuierlichen erfolgreichen Rezertifizierung widerspiegelt, notwendig war, um die richtige Richtung f\u00fcr die zuk\u00fcnftige Entwicklung und das Wachstum des Unternehmens festzulegen und aufrechtzuerhalten.<\/p>\n<\/div><\/div>\n<\/div><\/div><\/div>\n","protected":false},"excerpt":{"rendered":"<p>Die erfolgreiche Entwicklung von HANO wurde durch das ISO 9001:2015 Zertifikat best\u00e4tigt. Der Aufbau und die Implementierung des Systems wurden erstmals 2003 durch die Vergabe eines Zertifikats best\u00e4tigt. Die Zertifizierungsfirma SGS f\u00fchrte 2018 eine regelm\u00e4\u00dfige Rezertifizierung durch. ZERTIFIKAT ISO 9001:2015 Seit 2007 vergibt HANO das CE-Zeichen f\u00fcr seine erfolgreichsten Produkte &#8211; Fenster, T\u00fcren und Fassadensysteme,&#8230;<\/p>\n","protected":false},"author":4,"featured_media":238326,"parent":0,"menu_order":0,"comment_status":"closed","ping_status":"closed","template":"","meta":{"_acf_changed":false,"_kad_blocks_custom_css":"","_kad_blocks_head_custom_js":"","_kad_blocks_body_custom_js":"","_kad_blocks_footer_custom_js":"","_kad_post_transparent":"","_kad_post_title":"","_kad_post_layout":"","_kad_post_sidebar_id":"","_kad_post_content_style":"","_kad_post_vertical_padding":"","_kad_post_feature":"","_kad_post_feature_position":"","_kad_post_header":false,"_kad_post_footer":false,"footnotes":""},"class_list":["post-240360","page","type-page","status-publish","has-post-thumbnail","hentry"],"acf":[],"taxonomy_info":[],"featured_image_src_large":["https:\/\/hano.mistergeko.com\/wp-content\/uploads\/2021\/01\/hano_drawing_bg4-1024x353.jpg",1024,353,true],"author_info":{"display_name":"azur.avdic","author_link":"https:\/\/hano.mistergeko.com\/de\/author\/azur-avdic\/"},"comment_info":0,"meta_box":[],"_links":{"self":[{"href":"https:\/\/hano.mistergeko.com\/de\/wp-json\/wp\/v2\/pages\/240360","targetHints":{"allow":["GET"]}}],"collection":[{"href":"https:\/\/hano.mistergeko.com\/de\/wp-json\/wp\/v2\/pages"}],"about":[{"href":"https:\/\/hano.mistergeko.com\/de\/wp-json\/wp\/v2\/types\/page"}],"author":[{"embeddable":true,"href":"https:\/\/hano.mistergeko.com\/de\/wp-json\/wp\/v2\/users\/4"}],"replies":[{"embeddable":true,"href":"https:\/\/hano.mistergeko.com\/de\/wp-json\/wp\/v2\/comments?post=240360"}],"version-history":[{"count":5,"href":"https:\/\/hano.mistergeko.com\/de\/wp-json\/wp\/v2\/pages\/240360\/revisions"}],"predecessor-version":[{"id":241746,"href":"https:\/\/hano.mistergeko.com\/de\/wp-json\/wp\/v2\/pages\/240360\/revisions\/241746"}],"wp:featuredmedia":[{"embeddable":true,"href":"https:\/\/hano.mistergeko.com\/de\/wp-json\/wp\/v2\/media\/238326"}],"wp:attachment":[{"href":"https:\/\/hano.mistergeko.com\/de\/wp-json\/wp\/v2\/media?parent=240360"}],"curies":[{"name":"wp","href":"https:\/\/api.w.org\/{rel}","templated":true}]}}