{"id":240345,"date":"2020-10-29T09:26:14","date_gmt":"2020-10-29T08:26:14","guid":{"rendered":"http:\/\/www.hano.ba\/privacy-policy\/"},"modified":"2021-01-30T19:25:03","modified_gmt":"2021-01-30T18:25:03","slug":"datenschutzbestimmungen","status":"publish","type":"page","link":"https:\/\/hano.mistergeko.com\/de\/datenschutzbestimmungen\/","title":{"rendered":"Datenschutzbestimmungen"},"content":{"rendered":"\n<p>Willkommen auf https:\/\/hano.mistergeko.com (die &#8222;Website&#8220;). Wir verstehen, dass der Online-Datenschutz f\u00fcr Benutzer unserer Website wichtig ist, insbesondere bei der Gesch\u00e4ftsabwicklung. Diese Erkl\u00e4rung regelt unsere Datenschutzrichtlinien in Bezug auf diejenigen Benutzer der Website (&#8222;Besucher&#8220;), die besuchen, ohne Inhalte herunterzuladen oder die Formulare auszuf\u00fcllen, und Besucher, die Inhalte heruntergeladen oder Formulare auf der Website ausgef\u00fcllt haben, um weitere Informationen zu erhalten oder sich an HANO d.o.o. zu wenden. (&#8222;potentielle Kunden&#8220;).<\/p>\n\n\n<style>.wp-block-kadence-advancedheading.kt-adv-heading_953da0-50, .wp-block-kadence-advancedheading.kt-adv-heading_953da0-50[data-kb-block=\"kb-adv-heading_953da0-50\"]{font-style:normal;}.wp-block-kadence-advancedheading.kt-adv-heading_953da0-50 mark.kt-highlight, .wp-block-kadence-advancedheading.kt-adv-heading_953da0-50[data-kb-block=\"kb-adv-heading_953da0-50\"] mark.kt-highlight{font-style:normal;color:#f76a0c;-webkit-box-decoration-break:clone;box-decoration-break:clone;padding-top:0px;padding-right:0px;padding-bottom:0px;padding-left:0px;}<\/style>\n<h2 class=\"kt-adv-heading_953da0-50 wp-block-kadence-advancedheading\" data-kb-block=\"kb-adv-heading_953da0-50\">&#8222;Pers\u00f6nlich identifizierbare Informationen&#8220;<\/h2>\n\n\n\n<p>bezieht sich auf alle Informationen, die die Person identifizieren oder verwenden k\u00f6nnen, um diese Person zu identifizieren, zu kontaktieren oder zu lokalisieren, einschlie\u00dflich, aber nicht beschr\u00e4nkt auf Name, Adresse, Telefonnummer, Faxnummer, E-Mail-Adresse, Finanzprofile, soziale Sicherheit Nummer und Kreditkarteninformationen. Pers\u00f6nlich identifizierbare Informationen umfassen keine Informationen, die anonym gesammelt werden (dh ohne Identifizierung des einzelnen Benutzers), oder demografische Informationen, die nicht mit einer identifizierten Person verbunden sind.<\/p>\n\n\n<style>.wp-block-kadence-advancedheading.kt-adv-heading_a14db0-23, .wp-block-kadence-advancedheading.kt-adv-heading_a14db0-23[data-kb-block=\"kb-adv-heading_a14db0-23\"]{font-style:normal;}.wp-block-kadence-advancedheading.kt-adv-heading_a14db0-23 mark.kt-highlight, .wp-block-kadence-advancedheading.kt-adv-heading_a14db0-23[data-kb-block=\"kb-adv-heading_a14db0-23\"] mark.kt-highlight{font-style:normal;color:#f76a0c;-webkit-box-decoration-break:clone;box-decoration-break:clone;padding-top:0px;padding-right:0px;padding-bottom:0px;padding-left:0px;}<\/style>\n<h2 class=\"kt-adv-heading_a14db0-23 wp-block-kadence-advancedheading\" data-kb-block=\"kb-adv-heading_a14db0-23\">Welche personenbezogenen Daten werden gesammelt?<\/h2>\n\n\n\n<p>Wir sammeln keine Benutzerprofilinformationen von unseren Besuchern. Wir sammeln die folgenden zus\u00e4tzlichen Informationen von unseren potenziellen Kunden: Namen, Nachnamen und E-Mail-Adressen potenzieller Kunden.<\/p>\n\n\n<style>.wp-block-kadence-advancedheading.kt-adv-heading_b34e24-f7, .wp-block-kadence-advancedheading.kt-adv-heading_b34e24-f7[data-kb-block=\"kb-adv-heading_b34e24-f7\"]{font-style:normal;}.wp-block-kadence-advancedheading.kt-adv-heading_b34e24-f7 mark.kt-highlight, .wp-block-kadence-advancedheading.kt-adv-heading_b34e24-f7[data-kb-block=\"kb-adv-heading_b34e24-f7\"] mark.kt-highlight{font-style:normal;color:#f76a0c;-webkit-box-decoration-break:clone;box-decoration-break:clone;padding-top:0px;padding-right:0px;padding-bottom:0px;padding-left:0px;}<\/style>\n<h2 class=\"kt-adv-heading_b34e24-f7 wp-block-kadence-advancedheading\" data-kb-block=\"kb-adv-heading_b34e24-f7\">Wie verwendet die Site personenbezogene Daten?<\/h2>\n\n\n\n<p>Wir verwenden personenbezogene Daten, um die Website anzupassen, geeignete Serviceangebote abzugeben und Anfragen zu erf\u00fcllen, die uns \u00fcber die Kontaktformulare auf der Website gesendet werden. Wir k\u00f6nnen personenbezogene Daten verwenden, um Besucher und potenzielle Kunden als Antwort auf bestimmte Anfragen zu kontaktieren oder um angeforderte Informationen bereitzustellen.<\/p>\n\n\n<style>.wp-block-kadence-advancedheading.kt-adv-heading_c2d515-3e, .wp-block-kadence-advancedheading.kt-adv-heading_c2d515-3e[data-kb-block=\"kb-adv-heading_c2d515-3e\"]{font-style:normal;}.wp-block-kadence-advancedheading.kt-adv-heading_c2d515-3e mark.kt-highlight, .wp-block-kadence-advancedheading.kt-adv-heading_c2d515-3e[data-kb-block=\"kb-adv-heading_c2d515-3e\"] mark.kt-highlight{font-style:normal;color:#f76a0c;-webkit-box-decoration-break:clone;box-decoration-break:clone;padding-top:0px;padding-right:0px;padding-bottom:0px;padding-left:0px;}<\/style>\n<h2 class=\"kt-adv-heading_c2d515-3e wp-block-kadence-advancedheading\" data-kb-block=\"kb-adv-heading_c2d515-3e\">Mit wem d\u00fcrfen die Informationen geteilt werden?<\/h2>\n\n\n\n<p>Pers\u00f6nlich identifizierbare Informationen \u00fcber potenzielle Kunden werden nicht an Drittanbieter weitergegeben. Es dient ausschlie\u00dflich unseren internen Zwecken der Kontaktaufnahme oder Gesch\u00e4ftsabwicklung mit potenziellen Kunden.<\/p>\n\n\n<style>.wp-block-kadence-advancedheading.kt-adv-heading_2fded8-07, .wp-block-kadence-advancedheading.kt-adv-heading_2fded8-07[data-kb-block=\"kb-adv-heading_2fded8-07\"]{font-style:normal;}.wp-block-kadence-advancedheading.kt-adv-heading_2fded8-07 mark.kt-highlight, .wp-block-kadence-advancedheading.kt-adv-heading_2fded8-07[data-kb-block=\"kb-adv-heading_2fded8-07\"] mark.kt-highlight{font-style:normal;color:#f76a0c;-webkit-box-decoration-break:clone;box-decoration-break:clone;padding-top:0px;padding-right:0px;padding-bottom:0px;padding-left:0px;}<\/style>\n<h2 class=\"kt-adv-heading_2fded8-07 wp-block-kadence-advancedheading\" data-kb-block=\"kb-adv-heading_2fded8-07\">Wie werden personenbezogene Datenzahlungen?<\/h2>\n\n\n\n<p>Pers\u00f6nlich identifizierbare Informationen, die von HANO d.o.o. wird sicher aufbewahrt und ist Dritten oder Mitarbeitern von HANO d.o.o. nicht zug\u00e4nglich. au\u00dfer bei Verwendung wie oben angegeben.<\/p>\n\n\n<style>.wp-block-kadence-advancedheading.kt-adv-heading_780a2a-09, .wp-block-kadence-advancedheading.kt-adv-heading_780a2a-09[data-kb-block=\"kb-adv-heading_780a2a-09\"]{font-style:normal;}.wp-block-kadence-advancedheading.kt-adv-heading_780a2a-09 mark.kt-highlight, .wp-block-kadence-advancedheading.kt-adv-heading_780a2a-09[data-kb-block=\"kb-adv-heading_780a2a-09\"] mark.kt-highlight{font-style:normal;color:#f76a0c;-webkit-box-decoration-break:clone;box-decoration-break:clone;padding-top:0px;padding-right:0px;padding-bottom:0px;padding-left:0px;}<\/style>\n<h2 class=\"kt-adv-heading_780a2a-09 wp-block-kadence-advancedheading\" data-kb-block=\"kb-adv-heading_780a2a-09\">Welche Auswahlm\u00f6glichkeiten stehen den Besuchern hinsichtlich der Erfassung, Verwendung und Verbreitung der Informationen zur Verf\u00fcgung?<\/h2>\n\n\n\n<p>Besucher und potenzielle Kunden k\u00f6nnen es ablehnen, unerw\u00fcnschte Informationen von uns und\/oder unseren Anbietern und verbundenen Agenturen zu erhalten oder von diesen kontaktiert zu werden, indem sie wie angewiesen auf E-Mails antworten oder uns unter Vlakovo 366, 71210 Ilid\u017ea, Sarajevo, kontaktieren.<\/p>\n\n\n<style>.wp-block-kadence-advancedheading.kt-adv-heading_f9e6d0-aa, .wp-block-kadence-advancedheading.kt-adv-heading_f9e6d0-aa[data-kb-block=\"kb-adv-heading_f9e6d0-aa\"]{font-style:normal;}.wp-block-kadence-advancedheading.kt-adv-heading_f9e6d0-aa mark.kt-highlight, .wp-block-kadence-advancedheading.kt-adv-heading_f9e6d0-aa[data-kb-block=\"kb-adv-heading_f9e6d0-aa\"] mark.kt-highlight{font-style:normal;color:#f76a0c;-webkit-box-decoration-break:clone;box-decoration-break:clone;padding-top:0px;padding-right:0px;padding-bottom:0px;padding-left:0px;}<\/style>\n<h2 class=\"kt-adv-heading_f9e6d0-aa wp-block-kadence-advancedheading\" data-kb-block=\"kb-adv-heading_f9e6d0-aa\">Kekse (Cookies)<\/h2>\n\n\n\n<p>Ein Cookie ist eine Folge von Informationen, die eine Website auf dem Computer eines Besuchers speichert und die der Browser des Besuchers der Website bei jeder R\u00fcckkehr des Besuchers zur Verf\u00fcgung stellt.<\/p>\n\n\n<style>.wp-block-kadence-advancedheading.kt-adv-heading_601727-17, .wp-block-kadence-advancedheading.kt-adv-heading_601727-17[data-kb-block=\"kb-adv-heading_601727-17\"]{font-style:normal;}.wp-block-kadence-advancedheading.kt-adv-heading_601727-17 mark.kt-highlight, .wp-block-kadence-advancedheading.kt-adv-heading_601727-17[data-kb-block=\"kb-adv-heading_601727-17\"] mark.kt-highlight{font-style:normal;color:#f76a0c;-webkit-box-decoration-break:clone;box-decoration-break:clone;padding-top:0px;padding-right:0px;padding-bottom:0px;padding-left:0px;}<\/style>\n<h2 class=\"kt-adv-heading_601727-17 wp-block-kadence-advancedheading\" data-kb-block=\"kb-adv-heading_601727-17\">Werden auf der Website Cookies verwendet?<\/h2>\n\n\n\n<p>Cookies werden aus verschiedenen Gr\u00fcnden verwendet. Wir verwenden Cookies, um Informationen \u00fcber die Vorlieben unserer Besucher und die von ihnen ausgew\u00e4hlten Dienste zu erhalten. Besucher, die keine Cookies auf ihren Computern haben m\u00f6chten, sollten ihren Browser so einstellen, dass Cookies abgelehnt werden, bevor sie https:\/\/hano.mistergeko.com verwenden. Dies hat den Nachteil, dass bestimmte Funktionen der Website ohne die Verwendung von Cookies m\u00f6glicherweise nicht ordnungsgem\u00e4\u00df funktionieren Beispiel zum Festlegen der Einstellungen f\u00fcr die Site-Sprache.<\/p>\n\n\n<style>.wp-block-kadence-advancedheading.kt-adv-heading_a46fe2-03, .wp-block-kadence-advancedheading.kt-adv-heading_a46fe2-03[data-kb-block=\"kb-adv-heading_a46fe2-03\"]{font-style:normal;}.wp-block-kadence-advancedheading.kt-adv-heading_a46fe2-03 mark.kt-highlight, .wp-block-kadence-advancedheading.kt-adv-heading_a46fe2-03[data-kb-block=\"kb-adv-heading_a46fe2-03\"] mark.kt-highlight{font-style:normal;color:#f76a0c;-webkit-box-decoration-break:clone;box-decoration-break:clone;padding-top:0px;padding-right:0px;padding-bottom:0px;padding-left:0px;}<\/style>\n<h2 class=\"kt-adv-heading_a46fe2-03 wp-block-kadence-advancedheading\" data-kb-block=\"kb-adv-heading_a46fe2-03\">Von unseren Dienstleistern verwendete Cookies<\/h2>\n\n\n\n<p>Unsere Dienstleister verwenden Cookies. Diese Cookies werden m\u00f6glicherweise auf Ihrem Computer gespeichert, wenn Sie unsere Website besuchen. Weitere Informationen dar\u00fcber, welche Cookies verwendet werden, finden Sie in unserer <a href=\"\/de?page_id=240356\" data-type=\"URL\">Cookie-Richtlinie<\/a>.<\/p>\n\n\n<style>.wp-block-kadence-advancedheading.kt-adv-heading_c03d58-10, .wp-block-kadence-advancedheading.kt-adv-heading_c03d58-10[data-kb-block=\"kb-adv-heading_c03d58-10\"]{font-style:normal;}.wp-block-kadence-advancedheading.kt-adv-heading_c03d58-10 mark.kt-highlight, .wp-block-kadence-advancedheading.kt-adv-heading_c03d58-10[data-kb-block=\"kb-adv-heading_c03d58-10\"] mark.kt-highlight{font-style:normal;color:#f76a0c;-webkit-box-decoration-break:clone;box-decoration-break:clone;padding-top:0px;padding-right:0px;padding-bottom:0px;padding-left:0px;}<\/style>\n<h2 class=\"kt-adv-heading_c03d58-10 wp-block-kadence-advancedheading\" data-kb-block=\"kb-adv-heading_c03d58-10\">Wie sch\u00fctzt die Site personenbezogene Daten?<\/h2>\n\n\n\n<p>Alle unsere Mitarbeiter sind mit unseren Sicherheitsrichtlinien und -praktiken vertraut. Die personenbezogenen Daten unserer Besucher und potenziellen Kunden sind nur einer begrenzten Anzahl qualifizierter Mitarbeiter zug\u00e4nglich, die ein Passwort erhalten, um Zugang zu den Informationen zu erhalten. Wir \u00fcberpr\u00fcfen unsere Sicherheitssysteme und -prozesse regelm\u00e4\u00dfig. Vertrauliche Informationen werden durch Verschl\u00fcsselungsprotokolle gesch\u00fctzt, um Informationen zu sch\u00fctzen, die \u00fcber das Internet gesendet werden. W\u00e4hrend wir wirtschaftlich angemessene Ma\u00dfnahmen zur Aufrechterhaltung einer sicheren Website ergreifen, unterliegen elektronische Kommunikationen und Datenbanken Fehlern, Manipulationen und Einbr\u00fcchen. Wir k\u00f6nnen nicht garantieren oder garantieren, dass solche Ereignisse nicht stattfinden, und wir haften nicht gegen\u00fcber Besuchern oder Potenzielle Kunden f\u00fcr solche Ereignisse.<\/p>\n\n\n<style>.wp-block-kadence-advancedheading.kt-adv-heading_38d048-46, .wp-block-kadence-advancedheading.kt-adv-heading_38d048-46[data-kb-block=\"kb-adv-heading_38d048-46\"]{font-style:normal;}.wp-block-kadence-advancedheading.kt-adv-heading_38d048-46 mark.kt-highlight, .wp-block-kadence-advancedheading.kt-adv-heading_38d048-46[data-kb-block=\"kb-adv-heading_38d048-46\"] mark.kt-highlight{font-style:normal;color:#f76a0c;-webkit-box-decoration-break:clone;box-decoration-break:clone;padding-top:0px;padding-right:0px;padding-bottom:0px;padding-left:0px;}<\/style>\n<h2 class=\"kt-adv-heading_38d048-46 wp-block-kadence-advancedheading\" data-kb-block=\"kb-adv-heading_38d048-46\">Wie k\u00f6nnen Besucher Ungenauigkeiten in personenbezogenen Daten korrigieren?<\/h2>\n\n\n\n<p>Besucher und potenzielle Kunden k\u00f6nnen sich mit uns in Verbindung setzen, um personenbezogene Daten zu aktualisieren oder Ungenauigkeiten zu korrigieren, indem sie uns eine E-Mail an info@hano-bih.com senden.<\/p>\n\n\n<style>.wp-block-kadence-advancedheading.kt-adv-heading_34dcdc-d1, .wp-block-kadence-advancedheading.kt-adv-heading_34dcdc-d1[data-kb-block=\"kb-adv-heading_34dcdc-d1\"]{font-style:normal;}.wp-block-kadence-advancedheading.kt-adv-heading_34dcdc-d1 mark.kt-highlight, .wp-block-kadence-advancedheading.kt-adv-heading_34dcdc-d1[data-kb-block=\"kb-adv-heading_34dcdc-d1\"] mark.kt-highlight{font-style:normal;color:#f76a0c;-webkit-box-decoration-break:clone;box-decoration-break:clone;padding-top:0px;padding-right:0px;padding-bottom:0px;padding-left:0px;}<\/style>\n<h2 class=\"kt-adv-heading_34dcdc-d1 wp-block-kadence-advancedheading\" data-kb-block=\"kb-adv-heading_34dcdc-d1\">Kann ein Besucher von der Site gesammelte personenbezogene Daten l\u00f6schen oder deaktivieren?<\/h2>\n\n\n\n<p>Wir bieten Besuchern und potenziellen Kunden einen Mechanismus zum L\u00f6schen\/Deaktivieren von personenbezogenen Daten aus der Datenbank der Website durch Kontaktaufnahme. Aufgrund von Sicherungen und Aufzeichnungen von L\u00f6schungen kann es jedoch unm\u00f6glich sein, den Eintrag eines Besuchers zu l\u00f6schen, ohne einige verbleibende Informationen beizubehalten. Eine Person, die die Deaktivierung personenbezogener Daten anfordert, wird diese Informationen funktional l\u00f6schen lassen, und wir werden personenbezogene Daten, die sich auf diese Person beziehen, in keiner Weise verkaufen, \u00fcbertragen oder verwenden.<\/p>\n\n\n<style>.wp-block-kadence-advancedheading.kt-adv-heading_09643b-47, .wp-block-kadence-advancedheading.kt-adv-heading_09643b-47[data-kb-block=\"kb-adv-heading_09643b-47\"]{font-style:normal;}.wp-block-kadence-advancedheading.kt-adv-heading_09643b-47 mark.kt-highlight, .wp-block-kadence-advancedheading.kt-adv-heading_09643b-47[data-kb-block=\"kb-adv-heading_09643b-47\"] mark.kt-highlight{font-style:normal;color:#f76a0c;-webkit-box-decoration-break:clone;box-decoration-break:clone;padding-top:0px;padding-right:0px;padding-bottom:0px;padding-left:0px;}<\/style>\n<h2 class=\"kt-adv-heading_09643b-47 wp-block-kadence-advancedheading\" data-kb-block=\"kb-adv-heading_09643b-47\">Deine Rechte<\/h2>\n\n\n\n<p>Dies sind zusammengefasste Rechte, die Sie datenschutzrechtlich haben:<\/p>\n\n\n\n<ul class=\"wp-block-list\"><li>Das Recht auf Zugang<\/li><li>Das Recht auf Berichtigung<\/li><li>Das Recht auf L\u00f6schung<\/li><li>Das Recht, die Verarbeitung einzuschr\u00e4nken<\/li><li>Das Recht, der Verarbeitung zu widersprechen<\/li><li>Das Recht auf Datenportabilit\u00e4t<\/li><li>Das Recht, sich bei einer Aufsichtsbeh\u00f6rde zu beschweren<\/li><li>Das Recht, die Zustimmung zu widerrufen<\/li><\/ul>\n\n\n<style>.wp-block-kadence-advancedheading.kt-adv-heading_dbc2af-32, .wp-block-kadence-advancedheading.kt-adv-heading_dbc2af-32[data-kb-block=\"kb-adv-heading_dbc2af-32\"]{font-style:normal;}.wp-block-kadence-advancedheading.kt-adv-heading_dbc2af-32 mark.kt-highlight, .wp-block-kadence-advancedheading.kt-adv-heading_dbc2af-32[data-kb-block=\"kb-adv-heading_dbc2af-32\"] mark.kt-highlight{font-style:normal;color:#f76a0c;-webkit-box-decoration-break:clone;box-decoration-break:clone;padding-top:0px;padding-right:0px;padding-bottom:0px;padding-left:0px;}<\/style>\n<h2 class=\"kt-adv-heading_dbc2af-32 wp-block-kadence-advancedheading\" data-kb-block=\"kb-adv-heading_dbc2af-32\">Was passiert, wenn sich die Datenschutzbestimmungen \u00e4ndert?<\/h2>\n\n\n\n<p>Wir werden unsere Besucher und potenziellen Kunden \u00fcber \u00c4nderungen unserer Datenschutzrichtlinie informieren, indem wir solche \u00c4nderungen auf der Website ver\u00f6ffentlichen. Wenn wir jedoch unsere Datenschutzrichtlinie so \u00e4ndern, dass personenbezogene Daten, die ein Besucher oder potenzieller Kunde zuvor angefordert hat, nicht weitergegeben werden, werden wir diesen Besucher oder potenziellen Kunden kontaktieren, damit dieser Besucher oder potenzielle Kunde dies verhindern kann eine solche Offenlegung.<\/p>\n\n\n<style>.wp-block-kadence-advancedheading.kt-adv-heading_4be4d0-a9, .wp-block-kadence-advancedheading.kt-adv-heading_4be4d0-a9[data-kb-block=\"kb-adv-heading_4be4d0-a9\"]{font-style:normal;}.wp-block-kadence-advancedheading.kt-adv-heading_4be4d0-a9 mark.kt-highlight, .wp-block-kadence-advancedheading.kt-adv-heading_4be4d0-a9[data-kb-block=\"kb-adv-heading_4be4d0-a9\"] mark.kt-highlight{font-style:normal;color:#f76a0c;-webkit-box-decoration-break:clone;box-decoration-break:clone;padding-top:0px;padding-right:0px;padding-bottom:0px;padding-left:0px;}<\/style>\n<h2 class=\"kt-adv-heading_4be4d0-a9 wp-block-kadence-advancedheading\" data-kb-block=\"kb-adv-heading_4be4d0-a9\">Links<\/h2>\n\n\n\n<p>https:\/\/hano.mistergeko.com enth\u00e4lt Links zu anderen Websites. Bitte beachten Sie, dass Sie beim Klicken auf einen dieser Links zu einer anderen Website wechseln. Wir empfehlen Ihnen, die Datenschutzerkl\u00e4rungen dieser verlinkten Websites zu lesen, da deren Datenschutzrichtlinien von unseren abweichen k\u00f6nnen.<\/p>\n","protected":false},"excerpt":{"rendered":"<p>Willkommen auf https:\/\/hano.mistergeko.com (die &#8222;Website&#8220;). Wir verstehen, dass der Online-Datenschutz f\u00fcr Benutzer unserer Website wichtig ist, insbesondere bei der Gesch\u00e4ftsabwicklung. Diese Erkl\u00e4rung regelt unsere Datenschutzrichtlinien in Bezug auf diejenigen Benutzer der Website (&#8222;Besucher&#8220;), die besuchen, ohne Inhalte herunterzuladen oder die Formulare auszuf\u00fcllen, und Besucher, die Inhalte heruntergeladen oder Formulare auf der Website ausgef\u00fcllt haben, um&#8230;<\/p>\n","protected":false},"author":4,"featured_media":0,"parent":0,"menu_order":0,"comment_status":"closed","ping_status":"open","template":"","meta":{"_acf_changed":false,"_kad_blocks_custom_css":"","_kad_blocks_head_custom_js":"","_kad_blocks_body_custom_js":"","_kad_blocks_footer_custom_js":"","_kad_post_transparent":"","_kad_post_title":"","_kad_post_layout":"normal","_kad_post_sidebar_id":"","_kad_post_content_style":"","_kad_post_vertical_padding":"","_kad_post_feature":"","_kad_post_feature_position":"","_kad_post_header":false,"_kad_post_footer":false,"footnotes":""},"class_list":["post-240345","page","type-page","status-publish","hentry"],"acf":[],"taxonomy_info":[],"featured_image_src_large":false,"author_info":{"display_name":"azur.avdic","author_link":"https:\/\/hano.mistergeko.com\/de\/author\/azur-avdic\/"},"comment_info":0,"meta_box":[],"_links":{"self":[{"href":"https:\/\/hano.mistergeko.com\/de\/wp-json\/wp\/v2\/pages\/240345","targetHints":{"allow":["GET"]}}],"collection":[{"href":"https:\/\/hano.mistergeko.com\/de\/wp-json\/wp\/v2\/pages"}],"about":[{"href":"https:\/\/hano.mistergeko.com\/de\/wp-json\/wp\/v2\/types\/page"}],"author":[{"embeddable":true,"href":"https:\/\/hano.mistergeko.com\/de\/wp-json\/wp\/v2\/users\/4"}],"replies":[{"embeddable":true,"href":"https:\/\/hano.mistergeko.com\/de\/wp-json\/wp\/v2\/comments?post=240345"}],"version-history":[{"count":0,"href":"https:\/\/hano.mistergeko.com\/de\/wp-json\/wp\/v2\/pages\/240345\/revisions"}],"wp:attachment":[{"href":"https:\/\/hano.mistergeko.com\/de\/wp-json\/wp\/v2\/media?parent=240345"}],"curies":[{"name":"wp","href":"https:\/\/api.w.org\/{rel}","templated":true}]}}